{"id":1729,"date":"2020-10-06T18:02:55","date_gmt":"2020-10-06T22:02:55","guid":{"rendered":"https:\/\/journeyofabraid.com\/?post_type=product&#038;p=1729"},"modified":"2023-03-14T01:12:18","modified_gmt":"2023-03-14T05:12:18","slug":"little-skull-la-calaverita","status":"publish","type":"product","link":"https:\/\/journeyofabraid.com\/es\/producto\/little-skull-la-calaverita\/","title":{"rendered":"Calaverita: la calaverita"},"content":{"rendered":"<p>Este elemento de poder es un recordatorio de que nuestro tiempo en este cuerpo es limitado y debemos vivir la vida al m\u00e1ximo. Tiene una cinta adherida, lo que facilita su uso como collar. Mide 1.5 \u00d7 1 pulgadas. \u00daselo en su altar del D\u00eda de la Muerte para representar a alguien que ama.<\/p>\n<p>Figura de arcilla de 2 pulgadas hecha en Oaxaca.<\/p>","protected":false},"excerpt":{"rendered":"<p>This element of power is a reminder that our time in this body is limited, and we must live life to the fullest. It has a ribbon attached to it, making it easy to use it as a necklace as well. \u00a0It measures 1.5\u00d71 inches. Use it in your Day of the Death altar to [&hellip;]<\/p>","protected":false},"featured_media":1730,"template":"","meta":{"_acf_changed":false,"_monsterinsights_skip_tracking":false,"_monsterinsights_sitenote_active":false,"_monsterinsights_sitenote_note":"","_monsterinsights_sitenote_category":0},"product_brand":[],"product_cat":[74],"product_tag":[75,78,77,76],"class_list":{"0":"post-1729","1":"product","2":"type-product","3":"status-publish","4":"has-post-thumbnail","6":"product_cat-calaverita","7":"product_tag-calaverita","8":"product_tag-day-of-the-death","9":"product_tag-dia-de-muertos","10":"product_tag-skull","12":"first","13":"instock","14":"taxable","15":"shipping-taxable","16":"purchasable","17":"product-type-simple"},"acf":[],"_links":{"self":[{"href":"https:\/\/journeyofabraid.com\/es\/wp-json\/wp\/v2\/product\/1729","targetHints":{"allow":["GET"]}}],"collection":[{"href":"https:\/\/journeyofabraid.com\/es\/wp-json\/wp\/v2\/product"}],"about":[{"href":"https:\/\/journeyofabraid.com\/es\/wp-json\/wp\/v2\/types\/product"}],"wp:featuredmedia":[{"embeddable":true,"href":"https:\/\/journeyofabraid.com\/es\/wp-json\/wp\/v2\/media\/1730"}],"wp:attachment":[{"href":"https:\/\/journeyofabraid.com\/es\/wp-json\/wp\/v2\/media?parent=1729"}],"wp:term":[{"taxonomy":"product_brand","embeddable":true,"href":"https:\/\/journeyofabraid.com\/es\/wp-json\/wp\/v2\/product_brand?post=1729"},{"taxonomy":"product_cat","embeddable":true,"href":"https:\/\/journeyofabraid.com\/es\/wp-json\/wp\/v2\/product_cat?post=1729"},{"taxonomy":"product_tag","embeddable":true,"href":"https:\/\/journeyofabraid.com\/es\/wp-json\/wp\/v2\/product_tag?post=1729"}],"curies":[{"name":"wp","href":"https:\/\/api.w.org\/{rel}","templated":true}]}}