{"id":305,"date":"2020-04-15T11:27:11","date_gmt":"2020-04-15T15:27:11","guid":{"rendered":"http:\/\/second-quiz.flywheelsites.com\/?post_type=product&#038;p=305"},"modified":"2024-01-21T15:15:00","modified_gmt":"2024-01-21T20:15:00","slug":"gold-canvas-a-spiritual-connection","status":"publish","type":"product","link":"https:\/\/journeyofabraid.com\/es\/producto\/gold-canvas-a-spiritual-connection\/","title":{"rendered":"Lienzo dorado: una conexi\u00f3n espiritual"},"content":{"rendered":"<p>Gold Canvas es un recordatorio visual de la importancia de vivir una vida espiritual, encontrar un prop\u00f3sito y entregarse a la experiencia de la vida con la comprensi\u00f3n de la existencia de algo m\u00e1s grande que nos gu\u00eda.\u00a0<span class=\"JsGRdQ\">Your hair is an extension of your soul. Canvas is<\/span><span class=\"JsGRdQ\">\u00a0inspired by the braiding tradition from el Itsmo de Tehuantepec from my native M\u00e9xico, and the braiding traditions that have created a sense of community since the beginning of civilization.<\/span><\/p>\n<p class=\"_04xlpA direction-ltr align-start para-style-body\"><span class=\"JsGRdQ\">As you braid canvas into your hair,<\/span> <span class=\"JsGRdQ\">call upon the elements of strength that you need for the day ahead.<\/span> <span class=\"JsGRdQ\">Seal your braids with a daily intention that leads to a greater transformation.\u00a0<\/span><span class=\"JsGRdQ\">This piece is a call for unification, and a reminder of the invisible thread that braid our lives together in synchronicity and commonality. Each kit contains 6 pre cut and with the ends sealed that are the ideal width and length for braiding.\u00a0<\/span><\/p>\n<p>Canvas is a multifaceted piece that allows those who wear it to paint their own reality and carry a visual reminder of the invisible thread that braids us together, making it visible. You can braid it into your hair or use it as a crown or a turban. The packaging consists of a beautiful hand-made and sustainable basket from Oaxaca. Free shipping in the USA. Made in Mexico.<\/p>","protected":false},"excerpt":{"rendered":"<p>Gold Canvas es un recordatorio visual de la importancia de vivir una vida espiritual, encontrar un prop\u00f3sito y entregarse a la experiencia de la vida con la comprensi\u00f3n de la existencia de algo m\u00e1s grande que nos gu\u00eda.<\/p>","protected":false},"featured_media":307,"template":"","meta":{"_acf_changed":false,"_monsterinsights_skip_tracking":false,"_monsterinsights_sitenote_active":false,"_monsterinsights_sitenote_note":"","_monsterinsights_sitenote_category":0},"product_brand":[],"product_cat":[20],"product_tag":[],"class_list":{"0":"post-305","1":"product","2":"type-product","3":"status-publish","4":"has-post-thumbnail","6":"product_cat-canvas","8":"first","9":"outofstock","10":"taxable","11":"shipping-taxable","12":"purchasable","13":"product-type-simple"},"acf":[],"_links":{"self":[{"href":"https:\/\/journeyofabraid.com\/es\/wp-json\/wp\/v2\/product\/305","targetHints":{"allow":["GET"]}}],"collection":[{"href":"https:\/\/journeyofabraid.com\/es\/wp-json\/wp\/v2\/product"}],"about":[{"href":"https:\/\/journeyofabraid.com\/es\/wp-json\/wp\/v2\/types\/product"}],"wp:featuredmedia":[{"embeddable":true,"href":"https:\/\/journeyofabraid.com\/es\/wp-json\/wp\/v2\/media\/307"}],"wp:attachment":[{"href":"https:\/\/journeyofabraid.com\/es\/wp-json\/wp\/v2\/media?parent=305"}],"wp:term":[{"taxonomy":"product_brand","embeddable":true,"href":"https:\/\/journeyofabraid.com\/es\/wp-json\/wp\/v2\/product_brand?post=305"},{"taxonomy":"product_cat","embeddable":true,"href":"https:\/\/journeyofabraid.com\/es\/wp-json\/wp\/v2\/product_cat?post=305"},{"taxonomy":"product_tag","embeddable":true,"href":"https:\/\/journeyofabraid.com\/es\/wp-json\/wp\/v2\/product_tag?post=305"}],"curies":[{"name":"wp","href":"https:\/\/api.w.org\/{rel}","templated":true}]}}